{"id":2838,"date":"2022-04-06T16:06:32","date_gmt":"2022-04-06T13:06:32","guid":{"rendered":"http:\/\/garten.speedhelp.net\/de\/?post_type=product&#038;p=2838"},"modified":"2024-07-03T00:44:32","modified_gmt":"2024-07-02T23:44:32","slug":"20x-glitzer-heissklebestifte-heissklebe-klebestifte-klebesticks-heissklebepisto-sab","status":"publish","type":"product","link":"http:\/\/garten.speedhelp.net\/ru\/product\/20x-glitzer-heissklebestifte-heissklebe-klebestifte-klebesticks-heissklebepisto-sab\/","title":{"rendered":"20x GLITZER HEI\u00dfKLEBESTIFTE HEI\u00dfKLEBE KLEBESTIFTE KLEBESTICKS HEI\u00dfKLEBEPISTO SAB"},"content":{"rendered":"","protected":false},"excerpt":{"rendered":"<h4 class=\"promo20\">20-teilige Hei\u00dfklebestifte f\u00fcr kreativen Bastelspa\u00df,<br \/>\nschnelle Reparaturen oder zuverl\u00e4ssiges Befestigen<br \/>\nFarbe: Glitzer Mix<br \/>\nErh\u00e4ltlich in \u00d8 7 mm\/100 mm L\u00e4nge<\/h4>\n<h4 class=\"promo\">Die 20-teiligen Hei\u00dfklebestifte-Sets empfehlen sich f\u00fcr Klebeaufgaben aller Art.<br \/>\nDer hochwertige Universalkleber garantiert extra starken Halt, eine schnelle Trocknung und<br \/>\nein m\u00fcheloses Verkleben von zahlreichen Materialien wie Holz, Kunst- und Schaumstoffe, Textilien,<br \/>\nFilz, Karton, Papier, Keramik, Porzellan, Stein, Leder, Kork, Teppichfliesen, Glas und Metall.<br \/>\n20 St\u00fcck im praktischen Vorratspack<\/h4>\n<h4><\/h4>\n","protected":false},"featured_media":2839,"comment_status":"open","ping_status":"closed","template":"","meta":[],"acf":[],"brands":[],"_links":{"self":[{"href":"http:\/\/garten.speedhelp.net\/ru\/wp-json\/wp\/v2\/product\/2838"}],"collection":[{"href":"http:\/\/garten.speedhelp.net\/ru\/wp-json\/wp\/v2\/product"}],"about":[{"href":"http:\/\/garten.speedhelp.net\/ru\/wp-json\/wp\/v2\/types\/product"}],"replies":[{"embeddable":true,"href":"http:\/\/garten.speedhelp.net\/ru\/wp-json\/wp\/v2\/comments?post=2838"}],"wp:featuredmedia":[{"embeddable":true,"href":"http:\/\/garten.speedhelp.net\/ru\/wp-json\/wp\/v2\/media\/2839"}],"wp:attachment":[{"href":"http:\/\/garten.speedhelp.net\/ru\/wp-json\/wp\/v2\/media?parent=2838"}],"curies":[{"name":"wp","href":"https:\/\/api.w.org\/{rel}","templated":true}]}}