{"id":2958,"date":"2022-04-06T17:39:27","date_gmt":"2022-04-06T14:39:27","guid":{"rendered":"http:\/\/garten.speedhelp.net\/de\/?post_type=product&#038;p=2958"},"modified":"2022-04-07T17:13:05","modified_gmt":"2022-04-07T14:13:05","slug":"80x-set-glitzer-farb-color-mix-transparent-heissklebestifte-heissklebe-klebes-sab","status":"publish","type":"product","link":"http:\/\/garten.speedhelp.net\/ru\/product\/80x-set-glitzer-farb-color-mix-transparent-heissklebestifte-heissklebe-klebes-sab\/","title":{"rendered":"80x SET GLITZER FARB COLOR MIX TRANSPARENT HEI\u00dfKLEBESTIFTE HEI\u00dfKLEBE KLEBES SAB"},"content":{"rendered":"<p>SET 80-teilige Hei\u00dfklebestifte f\u00fcr kreativen Bastelspa\u00df,<br \/>\nschnelle Reparaturen oder zuverl\u00e4ssiges Befestigen<br \/>\nFarbe: 40x Transparent Universal<br \/>\n20x Glitzer Mix<br \/>\n40x Farb\/Color Mix<br \/>\nErh\u00e4ltlich in \u00d8 7 mm\/100 mm L\u00e4nge<\/p>\n<p>Die 80-teiligen Hei\u00dfklebestifte-Sets empfehlen sich f\u00fcr Klebeaufgaben aller Art.<br \/>\nDer hochwertige Universalkleber garantiert extra starken Halt, eine schnelle Trocknung und<br \/>\nein m\u00fcheloses Verkleben von zahlreichen Materialien wie Holz, Kunst- und Schaumstoffe, Textilien,<br \/>\nFilz, Karton, Papier, Keramik, Porzellan, Stein, Leder, Kork, Teppichfliesen, Glas und Metall.<br \/>\n80 St\u00fcck im praktischen Vorratspack<\/p>\n<p>&nbsp;<\/p>\n","protected":false},"excerpt":{"rendered":"<p>SET 80-teilige Hei\u00dfklebestifte f\u00fcr kreativen Bastelspa\u00df,<br \/>\nschnelle Reparaturen oder zuverl\u00e4ssiges Befestigen<br \/>\nFarbe: 40x Transparent Universal<br \/>\n20x Glitzer Mix<br \/>\n40x Farb\/Color Mix<br \/>\nErh\u00e4ltlich in \u00d8 7 mm\/100 mm L\u00e4nge<\/p>\n<p>Die 80-teiligen Hei\u00dfklebestifte-Sets empfehlen sich f\u00fcr Klebeaufgaben aller Art.<br \/>\nDer hochwertige Universalkleber garantiert extra starken Halt, eine schnelle Trocknung und<br \/>\nein m\u00fcheloses Verkleben von zahlreichen Materialien wie Holz, Kunst- und Schaumstoffe, Textilien,<br \/>\nFilz, Karton, Papier, Keramik, Porzellan, Stein, Leder, Kork, Teppichfliesen, Glas und Metall.<br \/>\n80 St\u00fcck im praktischen Vorratspack<\/p>\n<p>&nbsp;<\/p>\n","protected":false},"featured_media":2960,"comment_status":"open","ping_status":"closed","template":"","meta":[],"acf":[],"brands":[],"_links":{"self":[{"href":"http:\/\/garten.speedhelp.net\/ru\/wp-json\/wp\/v2\/product\/2958"}],"collection":[{"href":"http:\/\/garten.speedhelp.net\/ru\/wp-json\/wp\/v2\/product"}],"about":[{"href":"http:\/\/garten.speedhelp.net\/ru\/wp-json\/wp\/v2\/types\/product"}],"replies":[{"embeddable":true,"href":"http:\/\/garten.speedhelp.net\/ru\/wp-json\/wp\/v2\/comments?post=2958"}],"wp:featuredmedia":[{"embeddable":true,"href":"http:\/\/garten.speedhelp.net\/ru\/wp-json\/wp\/v2\/media\/2960"}],"wp:attachment":[{"href":"http:\/\/garten.speedhelp.net\/ru\/wp-json\/wp\/v2\/media?parent=2958"}],"curies":[{"name":"wp","href":"https:\/\/api.w.org\/{rel}","templated":true}]}}